{"id":1026,"date":"2019-03-18T08:33:54","date_gmt":"2019-03-18T08:33:54","guid":{"rendered":"http:\/\/localhost\/consultax\/?page_id=1026"},"modified":"2025-02-28T20:59:03","modified_gmt":"2025-02-28T20:59:03","slug":"about-us-2","status":"publish","type":"page","link":"https:\/\/iadvice4all.com\/en\/about-us-2\/","title":{"rendered":"Somos"},"content":{"rendered":"<section class=\"wpb-content-wrapper\"><section class=\"wpb_row vc_row-fluid\"><div class=\"container\"><div class=\"vc_row\"><div class=\"wpb_column vc_column_container vc_col-sm-12\"><div class=\"vc_column-inner\"><div class=\"wpb_wrapper\"><div class=\"vc_empty_space\"   style=\"height: 30px\"><span class=\"vc_empty_space_inner\"><\/span><\/div>\n    <div class=\"section-head\">\n                    <h6><span>ABOUT US<\/span><\/h6>\n                <h2 class=\"section-title\">Iadvice4all<\/h2>\n            <\/div>\n\n\n\t<div class=\"wpb_text_column wpb_content_element  vc_custom_1733157269200\" >\n\t\t<div class=\"wpb_wrapper\">\n\t\t\t<p>Iadvice4all S.A.S. de C.V. es una firma mexicana especializada en la integraci\u00f3n del enfoque regulatorio en la consultor\u00eda financiera y jur\u00eddica que ha logrado consolidar una cartera de clientes que incluye tanto a grandes empresas como a instituciones del sector p\u00fablico, que reconocen en la firma un socio estrat\u00e9gico confiable, con un profundo dominio de los procesos de contrataci\u00f3n p\u00fablica y gesti\u00f3n gubernamental.<\/p>\n<p>Adem\u00e1s, Iadvice4all es la \u00fanica firma en M\u00e9xico que aborda de manera integral todo el ciclo de prestaci\u00f3n de servicios de agua, desde la explotaci\u00f3n de derechos, pasando por la potabilizaci\u00f3n, tratamiento y disposici\u00f3n de aguas residuales, hasta la comercializaci\u00f3n del agua residual tratada, evaluando los aspectos financieros, t\u00e9cnicos y legales en cada fase.<\/p>\n\n\t\t<\/div>\n\t<\/div>\n<div class=\"vc_empty_space\"   style=\"height: 50px\"><span class=\"vc_empty_space_inner\"><\/span><\/div><\/div><\/div><\/div><\/div><\/div><\/section><section class=\"wpb_row vc_row-fluid\"><div class=\"container\"><div class=\"vc_row\"><div class=\"wpb_column vc_column_container vc_col-sm-12\"><div class=\"vc_column-inner\"><div class=\"wpb_wrapper\">\n    <div class=\"section-head\">\n                    <h6><span>Values<\/span><\/h6>\n                <h2 class=\"section-title\">Our Policies<\/h2>\n            <\/div>\n\n\n\t<div class=\"wpb_text_column wpb_content_element\" >\n\t\t<div class=\"wpb_wrapper\">\n\t\t\t<p>To achieve this aim, our main premise is to support our clients, to achieve a clear definition of the problem they face and to define the type of analysis that we must follow, whether it is public policy, intelligence, finance, law or economy. <b>. <\/b>.<\/p>\n<h4><strong>We follow the following policies:<\/strong><\/h4>\n<ul>\n<li>Nuestros entregables siempre llevan notas ejecutivas o memos.<\/li>\n<li>Siempre regresamos una llamada o un correo.<\/li>\n<li>No utilizamos papel a menos que sea indispensable.<\/li>\n<li>No participamos en ninguna forma de corrupci\u00f3n.<\/li>\n<li>La claridad de redacci\u00f3n, ortograf\u00eda y simplicidad de ideas es una prioridad.<\/li>\n<li>Siempre ofrecemos un prean\u00e1lisis financiero de los proyectos.<\/li>\n<li>La innovaci\u00f3n y el estado del arte es una premisa para el equipo.<\/li>\n<li>Borrar y volver empezar es v\u00e1lido.<\/li>\n<li>Devolvemos a la sociedad lo que esta nos ha dado.<\/li>\n<\/ul>\n\n\t\t<\/div>\n\t<\/div>\n<div class=\"vc_empty_space\"   style=\"height: 30px\"><span class=\"vc_empty_space_inner\"><\/span><\/div><\/div><\/div><\/div><div class=\"wpb_column vc_column_container vc_col-sm-12\"><div class=\"vc_column-inner\"><div class=\"wpb_wrapper\">\n    <div class=\"section-head has-line\">\n                    <h6><span>Atention<\/span><\/h6>\n                <h2 class=\"section-title\">OUR CLIENTS<\/h2>\n            <\/div>\n\n\n    <div class=\"partner-slider image-carousel\" data-show=\"4\" data-arrow=\"false\">\n                <div>\n            <div class=\"partner-item text-center clearfix\">\n                <div class=\"inner\">\n                                            <div class=\"thumb\">\n                            <img width=\"300\" height=\"64\" src=\"https:\/\/iadvice4all.com\/wp-content\/uploads\/2022\/12\/cisdomi-1.png\" class=\"attachment-full size-full\" alt=\"\" decoding=\"async\" loading=\"lazy\" \/>                        <\/div>\n                                    <\/div>\n            <\/div>\n        <\/div>\n                <div>\n            <div class=\"partner-item text-center clearfix\">\n                <div class=\"inner\">\n                                            <div class=\"thumb\">\n                            <img width=\"300\" height=\"64\" src=\"https:\/\/iadvice4all.com\/wp-content\/uploads\/2022\/12\/cecsa-1.png\" class=\"attachment-full size-full\" alt=\"\" decoding=\"async\" loading=\"lazy\" \/>                        <\/div>\n                                    <\/div>\n            <\/div>\n        <\/div>\n                <div>\n            <div class=\"partner-item text-center clearfix\">\n                <div class=\"inner\">\n                                            <div class=\"thumb\">\n                            <img width=\"300\" height=\"64\" src=\"https:\/\/iadvice4all.com\/wp-content\/uploads\/2022\/12\/coes.png\" class=\"attachment-full size-full\" alt=\"\" decoding=\"async\" loading=\"lazy\" \/>                        <\/div>\n                                    <\/div>\n            <\/div>\n        <\/div>\n                <div>\n            <div class=\"partner-item text-center clearfix\">\n                <div class=\"inner\">\n                                            <div class=\"thumb\">\n                            <img width=\"300\" height=\"64\" src=\"https:\/\/iadvice4all.com\/wp-content\/uploads\/2022\/12\/campeche.jpg\" class=\"attachment-full size-full\" alt=\"\" decoding=\"async\" loading=\"lazy\" \/>                        <\/div>\n                                    <\/div>\n            <\/div>\n        <\/div>\n                <div>\n            <div class=\"partner-item text-center clearfix\">\n                <div class=\"inner\">\n                                            <div class=\"thumb\">\n                            <img width=\"300\" height=\"64\" src=\"https:\/\/iadvice4all.com\/wp-content\/uploads\/2022\/12\/ccapama.jpg\" class=\"attachment-full size-full\" alt=\"\" decoding=\"async\" loading=\"lazy\" srcset=\"https:\/\/iadvice4all.com\/wp-content\/uploads\/2022\/12\/ccapama.jpg 300w, https:\/\/iadvice4all.com\/wp-content\/uploads\/2022\/12\/ccapama-18x4.jpg 18w\" sizes=\"(max-width: 300px) 100vw, 300px\" \/>                        <\/div>\n                                    <\/div>\n            <\/div>\n        <\/div>\n            <\/div>\n\n    <div class=\"vc_empty_space\"   style=\"height: 30px\"><span class=\"vc_empty_space_inner\"><\/span><\/div><\/div><\/div><\/div><\/div><\/div><\/section>\n<\/section>","protected":false},"excerpt":{"rendered":"SOBRE NOSOTROS Iadvice4all Iadvice4all S.A.S. de C.V. es una firma mexicana especializada en la integraci\u00f3n del enfoque regulatorio en la consultor\u00eda financiera y jur\u00eddica que ha logrado consolidar una cartera de clientes que incluye tanto a grandes empresas como a instituciones del sector p\u00fablico, que reconocen en la firma un socio estrat\u00e9gico confiable, con un [...]","protected":false},"author":1,"featured_media":0,"parent":0,"menu_order":0,"comment_status":"closed","ping_status":"closed","template":"","meta":[],"aioseo_notices":[],"_links":{"self":[{"href":"https:\/\/iadvice4all.com\/en\/wp-json\/wp\/v2\/pages\/1026"}],"collection":[{"href":"https:\/\/iadvice4all.com\/en\/wp-json\/wp\/v2\/pages"}],"about":[{"href":"https:\/\/iadvice4all.com\/en\/wp-json\/wp\/v2\/types\/page"}],"author":[{"embeddable":true,"href":"https:\/\/iadvice4all.com\/en\/wp-json\/wp\/v2\/users\/1"}],"replies":[{"embeddable":true,"href":"https:\/\/iadvice4all.com\/en\/wp-json\/wp\/v2\/comments?post=1026"}],"version-history":[{"count":49,"href":"https:\/\/iadvice4all.com\/en\/wp-json\/wp\/v2\/pages\/1026\/revisions"}],"predecessor-version":[{"id":14116,"href":"https:\/\/iadvice4all.com\/en\/wp-json\/wp\/v2\/pages\/1026\/revisions\/14116"}],"wp:attachment":[{"href":"https:\/\/iadvice4all.com\/en\/wp-json\/wp\/v2\/media?parent=1026"}],"curies":[{"name":"wp","href":"https:\/\/api.w.org\/{rel}","templated":true}]}}