{"id":13477,"date":"2019-03-22T10:48:54","date_gmt":"2019-03-22T10:48:54","guid":{"rendered":"http:\/\/localhost\/consultax\/?page_id=1279"},"modified":"2022-12-07T23:06:51","modified_gmt":"2022-12-07T23:06:51","slug":"nuestro-equipo","status":"publish","type":"page","link":"https:\/\/iadvice4all.com\/en\/nuestro-equipo\/","title":{"rendered":"Our Team"},"content":{"rendered":"<section class=\"wpb-content-wrapper\"><section class=\"wpb_row vc_row-fluid section-padd vc_custom_1554977363894 vc_row-has-fill\"><div class=\"container\"><div class=\"vc_row\"><div class=\"wpb_column vc_column_container vc_col-sm-12\"><div class=\"vc_column-inner\"><div class=\"wpb_wrapper\">\n    <div class=\"section-head\">\n                    <h6><span>OUR TEAM<\/span><\/h6>\n                <h2 class=\"section-title\">Meet our team<\/h2>\n            <\/div>\n\n<div class=\"vc_empty_space  md-hidden sm-hidden\"   style=\"height: 30px\"><span class=\"vc_empty_space_inner\"><\/span><\/div>\n    <div class=\"team-slider\" data-show=\"4\" data-arrow=\"true\">\n                                <div class=\"member-item slide-item box-shadow-2 radius\">\n                <div class=\"avatar\">\n                    <img width=\"522\" height=\"632\" src=\"https:\/\/iadvice4all.com\/wp-content\/uploads\/2018\/03\/img-YanW68bz3pcpo355-1.jpg\" class=\"attachment-full size-full\" alt=\"\" decoding=\"async\" loading=\"lazy\" srcset=\"https:\/\/iadvice4all.com\/wp-content\/uploads\/2018\/03\/img-YanW68bz3pcpo355-1.jpg 522w, https:\/\/iadvice4all.com\/wp-content\/uploads\/2018\/03\/img-YanW68bz3pcpo355-1-248x300.jpg 248w, https:\/\/iadvice4all.com\/wp-content\/uploads\/2018\/03\/img-YanW68bz3pcpo355-1-480x581.jpg 480w\" sizes=\"(max-width: 522px) 100vw, 522px\" \/>                    <span class=\"overlay\"><\/span>\n                    <div class=\"social-mem\">\n                                                    <a href=\"#\" target=\"_blank\"><i class=\"\"><\/i><\/a>\n                                                    <a href=\"#\" target=\"_blank\"><i class=\"\"><\/i><\/a>\n                                                    <a href=\"#\" target=\"_blank\"><i class=\"\"><\/i><\/a>\n                                            <\/div>\n                <\/div>\n                <div class=\"mem-info\">\n                    <h5>Andr\u00e9s P\u00e9rez<span class=\"font12 normal\"><\/span><\/h5>\n                    <p>The managing partner of iadvice4all is recognized for applying his litigation skills in the design process of public antitrust policies, commercial oral trials, consumer defense and regulatory improvement.\n\n<p><a href=\"https:\/\/iadvice4all.com\/en\/andres-perez\/\"><img src=\"https:\/\/iadvice4all.com\/wp-content\/uploads\/2022\/12\/boton-VER-MAS.png\" width=\"108\" height=\"38\" alt=\"\"\/><\/a><\/p><\/p>\n                <\/div>\n            <\/div>\n                                    <div class=\"member-item slide-item box-shadow-2 radius\">\n                <div class=\"avatar\">\n                    <img width=\"522\" height=\"632\" src=\"https:\/\/iadvice4all.com\/wp-content\/uploads\/2018\/03\/Iliana-Ram-rez-Y4Lyxn4gZWfyZEjY-1.jpg\" class=\"attachment-full size-full\" alt=\"\" decoding=\"async\" loading=\"lazy\" srcset=\"https:\/\/iadvice4all.com\/wp-content\/uploads\/2018\/03\/Iliana-Ram-rez-Y4Lyxn4gZWfyZEjY-1.jpg 522w, https:\/\/iadvice4all.com\/wp-content\/uploads\/2018\/03\/Iliana-Ram-rez-Y4Lyxn4gZWfyZEjY-1-248x300.jpg 248w, https:\/\/iadvice4all.com\/wp-content\/uploads\/2018\/03\/Iliana-Ram-rez-Y4Lyxn4gZWfyZEjY-1-480x581.jpg 480w\" sizes=\"(max-width: 522px) 100vw, 522px\" \/>                    <span class=\"overlay\"><\/span>\n                    <div class=\"social-mem\">\n                                                    <a href=\"#\" target=\"_blank\"><i class=\"\"><\/i><\/a>\n                                                    <a href=\"#\" target=\"_blank\"><i class=\"\"><\/i><\/a>\n                                                    <a href=\"#\" target=\"_blank\"><i class=\"\"><\/i><\/a>\n                                            <\/div>\n                <\/div>\n                <div class=\"mem-info\">\n                    <h5>Iliana Ram\u00edrez<span class=\"font12 normal\"><\/span><\/h5>\n                    <p>Iliana has more than 20 years of experience in Administrative Law, International Commercial Law and Intellectual Property. She has successfully drafted government and corporate rules and regulations. The fact that she is fluent in English and French brings additional value to iadvice4all clients.\n\n<p><a href=\"https:\/\/iadvice4all.com\/en\/iliana-ramirez\/\"><img src=\"https:\/\/iadvice4all.com\/wp-content\/uploads\/2022\/12\/boton-VER-MAS.png\" width=\"108\" height=\"38\" alt=\"\"\/><\/a><\/p><\/p>\n                <\/div>\n            <\/div>\n                                    <div class=\"member-item slide-item box-shadow-2 radius\">\n                <div class=\"avatar\">\n                    <img width=\"522\" height=\"632\" src=\"https:\/\/iadvice4all.com\/wp-content\/uploads\/2018\/03\/img-AzGR3aEQLXUkKzv0-1-1.jpeg\" class=\"attachment-full size-full\" alt=\"\" decoding=\"async\" loading=\"lazy\" srcset=\"https:\/\/iadvice4all.com\/wp-content\/uploads\/2018\/03\/img-AzGR3aEQLXUkKzv0-1-1.jpeg 522w, https:\/\/iadvice4all.com\/wp-content\/uploads\/2018\/03\/img-AzGR3aEQLXUkKzv0-1-1-248x300.jpeg 248w, https:\/\/iadvice4all.com\/wp-content\/uploads\/2018\/03\/img-AzGR3aEQLXUkKzv0-1-1-480x581.jpeg 480w\" sizes=\"(max-width: 522px) 100vw, 522px\" \/>                    <span class=\"overlay\"><\/span>\n                    <div class=\"social-mem\">\n                                                    <a href=\"#\" target=\"_blank\"><i class=\"\"><\/i><\/a>\n                                                    <a href=\"#\" target=\"_blank\"><i class=\"\"><\/i><\/a>\n                                                    <a href=\"#\" target=\"_blank\"><i class=\"\"><\/i><\/a>\n                                            <\/div>\n                <\/div>\n                <div class=\"mem-info\">\n                    <h5>Alma Rosa Bautista<span class=\"font12 normal\"><\/span><\/h5>\n                    <p>With more than 10 years of experience in government institutions, Alma's professional activities have developed in a wide range of legal areas, including the design of public policies and appearance before international organizations such as the UN.\n\n<p><a href=\"https:\/\/iadvice4all.com\/en\/alma-rosa-bautista\/\"><img src=\"https:\/\/iadvice4all.com\/wp-content\/uploads\/2022\/12\/boton-VER-MAS.png\" width=\"108\" height=\"38\" alt=\"\"\/><\/a><\/p><\/p>\n                <\/div>\n            <\/div>\n                                    <div class=\"member-item slide-item box-shadow-2 radius\">\n                <div class=\"avatar\">\n                    <img width=\"522\" height=\"632\" src=\"https:\/\/iadvice4all.com\/wp-content\/uploads\/2018\/03\/RodrigoSAlgado-AE0z65MOleSVB90z-1-1.jpg\" class=\"attachment-full size-full\" alt=\"\" decoding=\"async\" loading=\"lazy\" srcset=\"https:\/\/iadvice4all.com\/wp-content\/uploads\/2018\/03\/RodrigoSAlgado-AE0z65MOleSVB90z-1-1.jpg 522w, https:\/\/iadvice4all.com\/wp-content\/uploads\/2018\/03\/RodrigoSAlgado-AE0z65MOleSVB90z-1-1-248x300.jpg 248w, https:\/\/iadvice4all.com\/wp-content\/uploads\/2018\/03\/RodrigoSAlgado-AE0z65MOleSVB90z-1-1-480x581.jpg 480w\" sizes=\"(max-width: 522px) 100vw, 522px\" \/>                    <span class=\"overlay\"><\/span>\n                    <div class=\"social-mem\">\n                                                    <a href=\"#\" target=\"_blank\"><i class=\"\"><\/i><\/a>\n                                                    <a href=\"#\" target=\"_blank\"><i class=\"\"><\/i><\/a>\n                                                    <a href=\"#\" target=\"_blank\"><i class=\"\"><\/i><\/a>\n                                            <\/div>\n                <\/div>\n                <div class=\"mem-info\">\n                    <h5>Rodrigo Salgado<span class=\"font12 normal\"><\/span><\/h5>\n                    <p>Rodrigo was a founding partner of Umbral Ambiental, a company dedicated to the development of water treatment plant projects where he also held the position of BDD due to his great ability to identify business opportunities related to the use and exploitation of water.\n\n<p><a href=\"https:\/\/iadvice4all.com\/en\/rodrigo-salgado\/\"><img src=\"https:\/\/iadvice4all.com\/wp-content\/uploads\/2022\/12\/boton-VER-MAS.png\" width=\"108\" height=\"38\" alt=\"\"\/><\/a><\/p><\/p>\n                <\/div>\n            <\/div>\n                <\/div>\n\n    <\/div><\/div><\/div><\/div><\/div><\/section>\n<\/section>","protected":false},"excerpt":{"rendered":"NUESTRO EQUIPO Conozca a nuestro equipo Andr\u00e9s P\u00e9rez El socio director de iadvice4all es reconocido por aplicar sus habilidades de litigaci\u00f3n en el proceso de dise\u00f1o de pol\u00edticas p\u00fablicas de defensa de la competencia, juicios orales comerciales, defensa del consumidor y mejora regulatoria. Iliana Ram\u00edrez Iliana tiene m\u00e1s de 20 a\u00f1os de experiencia en Derecho [...]","protected":false},"author":1,"featured_media":0,"parent":0,"menu_order":0,"comment_status":"closed","ping_status":"closed","template":"","meta":[],"aioseo_notices":[],"_links":{"self":[{"href":"https:\/\/iadvice4all.com\/en\/wp-json\/wp\/v2\/pages\/13477"}],"collection":[{"href":"https:\/\/iadvice4all.com\/en\/wp-json\/wp\/v2\/pages"}],"about":[{"href":"https:\/\/iadvice4all.com\/en\/wp-json\/wp\/v2\/types\/page"}],"author":[{"embeddable":true,"href":"https:\/\/iadvice4all.com\/en\/wp-json\/wp\/v2\/users\/1"}],"replies":[{"embeddable":true,"href":"https:\/\/iadvice4all.com\/en\/wp-json\/wp\/v2\/comments?post=13477"}],"version-history":[{"count":25,"href":"https:\/\/iadvice4all.com\/en\/wp-json\/wp\/v2\/pages\/13477\/revisions"}],"predecessor-version":[{"id":14010,"href":"https:\/\/iadvice4all.com\/en\/wp-json\/wp\/v2\/pages\/13477\/revisions\/14010"}],"wp:attachment":[{"href":"https:\/\/iadvice4all.com\/en\/wp-json\/wp\/v2\/media?parent=13477"}],"curies":[{"name":"wp","href":"https:\/\/api.w.org\/{rel}","templated":true}]}}