{"id":1353,"date":"2019-03-26T04:36:15","date_gmt":"2019-03-26T04:36:15","guid":{"rendered":"http:\/\/localhost\/consultax\/?page_id=1353"},"modified":"2022-12-06T07:06:59","modified_gmt":"2022-12-06T07:06:59","slug":"servicios-2","status":"publish","type":"page","link":"https:\/\/iadvice4all.com\/en\/servicios-2\/","title":{"rendered":"Services"},"content":{"rendered":"<section class=\"wpb-content-wrapper\"><section class=\"wpb_row vc_row-fluid vc_custom_1669966527420 vc_row-o-equal-height vc_row-flex\"><div class=\"container\"><div class=\"vc_row\"><div class=\"wpb_column vc_column_container vc_col-sm-12 vc_col-md-4\"><div class=\"vc_column-inner\"><div class=\"wpb_wrapper\"><div class=\"vc_empty_space\"   style=\"height: 10px\"><span class=\"vc_empty_space_inner\"><\/span><\/div><\/div><\/div><\/div><\/div><\/div><\/section><section class=\"wpb_row vc_row-fluid vc_custom_1669966527420 vc_row-o-equal-height vc_row-flex\"><div class=\"container\"><div class=\"vc_row\"><div class=\"wpb_column vc_column_container vc_col-sm-4 vc_col-md-4\"><div class=\"vc_column-inner\"><div class=\"wpb_wrapper\">\n    <div class=\"service-box image-box\">\n        <img width=\"750\" height=\"460\" src=\"https:\/\/iadvice4all.com\/wp-content\/uploads\/2022\/12\/16-2.jpg\" class=\"attachment-full size-full\" alt=\"\" decoding=\"async\" loading=\"lazy\" srcset=\"https:\/\/iadvice4all.com\/wp-content\/uploads\/2022\/12\/16-2.jpg 750w, https:\/\/iadvice4all.com\/wp-content\/uploads\/2022\/12\/16-2-300x184.jpg 300w\" sizes=\"(max-width: 750px) 100vw, 750px\" \/>        <div class=\"content-box\">\n            <h4>Public policies<\/h4>\n            <p>El sector empresarial se ve afectado en menor o mayor medida por la ejecuci\u00f3n de pol\u00edticas p\u00fablicas. En iadvice4all conocemos y entendemos el proceso de dise\u00f1o de pol\u00edticas p\u00fablicas en M\u00e9xico,\u00a0 lo que nos permite brindar asesor\u00edas para evitar riesgos en las empresas y desarrollar estrategias para enfrentar los efectos de estas pol\u00edticas.<\/p>\n                    <\/div>\n    <\/div>\n\n    <\/div><\/div><\/div><div class=\"wpb_column vc_column_container vc_col-sm-4 vc_col-md-4\"><div class=\"vc_column-inner\"><div class=\"wpb_wrapper\">\n    <div class=\"service-box image-box\">\n        <img width=\"750\" height=\"460\" src=\"https:\/\/iadvice4all.com\/wp-content\/uploads\/2022\/12\/11-1.jpg\" class=\"attachment-full size-full\" alt=\"\" decoding=\"async\" loading=\"lazy\" srcset=\"https:\/\/iadvice4all.com\/wp-content\/uploads\/2022\/12\/11-1.jpg 750w, https:\/\/iadvice4all.com\/wp-content\/uploads\/2022\/12\/11-1-300x184.jpg 300w\" sizes=\"(max-width: 750px) 100vw, 750px\" \/>        <div class=\"content-box\">\n            <h4>Water<\/h4>\n            <p><\/p>\n<p class=\"body\">El agua es fundamental no s\u00f3lo para la supervivencia humana sino tambi\u00e9n para el desarrollo socioecon\u00f3mico, la preservaci\u00f3n de los ecosistemas y la paz social. Durante las \u00faltimos 5 a\u00f1os nos hemos dedicado a desarrollar proyectos relacionados a la prestaci\u00f3n de servicios de agua para el sector p\u00fablico y el privado.<\/p>\n<p><\/p>\n                    <\/div>\n    <\/div>\n\n    <\/div><\/div><\/div><div class=\"wpb_column vc_column_container vc_col-sm-4 vc_col-md-4\"><div class=\"vc_column-inner\"><div class=\"wpb_wrapper\">\n    <div class=\"service-box image-box\">\n        <img width=\"750\" height=\"460\" src=\"https:\/\/iadvice4all.com\/wp-content\/uploads\/2022\/12\/14-1.jpg\" class=\"attachment-full size-full\" alt=\"\" decoding=\"async\" loading=\"lazy\" srcset=\"https:\/\/iadvice4all.com\/wp-content\/uploads\/2022\/12\/14-1.jpg 750w, https:\/\/iadvice4all.com\/wp-content\/uploads\/2022\/12\/14-1-300x184.jpg 300w\" sizes=\"(max-width: 750px) 100vw, 750px\" \/>        <div class=\"content-box\">\n            <h4>Foreign trade<\/h4>\n            <p>Se prestan servicios integrales de asesor\u00eda jur\u00eddica en las operaciones comerciales internacionales, a fin de dar cumplimiento a los requisitos legales para importar y exportar en un mercado competitivo que permita eficientar los proyectos de nuestros clientes.<\/p>\n                    <\/div>\n    <\/div>\n\n    <\/div><\/div><\/div><\/div><\/div><\/section><section class=\"wpb_row vc_row-fluid vc_custom_1669966535072 vc_row-o-equal-height vc_row-flex\"><div class=\"container\"><div class=\"vc_row\"><div class=\"wpb_column vc_column_container vc_col-sm-4 vc_col-md-4\"><div class=\"vc_column-inner\"><div class=\"wpb_wrapper\">\n    <div class=\"service-box image-box\">\n        <img width=\"750\" height=\"460\" src=\"https:\/\/iadvice4all.com\/wp-content\/uploads\/2022\/12\/3-1.jpg\" class=\"attachment-full size-full\" alt=\"\" decoding=\"async\" loading=\"lazy\" srcset=\"https:\/\/iadvice4all.com\/wp-content\/uploads\/2022\/12\/3-1.jpg 750w, https:\/\/iadvice4all.com\/wp-content\/uploads\/2022\/12\/3-1-300x184.jpg 300w\" sizes=\"(max-width: 750px) 100vw, 750px\" \/>        <div class=\"content-box\">\n            <h4>Regulaciones t\u00e9cnicas<\/h4>\n            <p>Es esencial cumplir con las reglas, especificaciones, directrices y caracter\u00edsticas aplicables a un producto, proceso o servicio que establecen las Normas Oficiales Mexicanas y Est\u00e1ndares para brindar seguridad y certeza jur\u00eddica a los consumidores, por lo que Iadvice4all proporciona asesor\u00eda a sus clientes para verificar dicho cumplimiento, as\u00ed como apoyo en los procesos de normalizaci\u00f3n, estandarizaci\u00f3n y Evaluaci\u00f3n de la Conformidad.<\/p>\n                    <\/div>\n    <\/div>\n\n    <\/div><\/div><\/div><div class=\"wpb_column vc_column_container vc_col-sm-4 vc_col-md-4\"><div class=\"vc_column-inner\"><div class=\"wpb_wrapper\">\n    <div class=\"service-box image-box\">\n        <img width=\"750\" height=\"460\" src=\"https:\/\/iadvice4all.com\/wp-content\/uploads\/2022\/12\/15-1.jpg\" class=\"attachment-full size-full\" alt=\"\" decoding=\"async\" loading=\"lazy\" srcset=\"https:\/\/iadvice4all.com\/wp-content\/uploads\/2022\/12\/15-1.jpg 750w, https:\/\/iadvice4all.com\/wp-content\/uploads\/2022\/12\/15-1-300x184.jpg 300w\" sizes=\"(max-width: 750px) 100vw, 750px\" \/>        <div class=\"content-box\">\n            <h4>Regulated Markets<\/h4>\n            <p><\/p>\n<p class=\"body\">The regulatory process in Mexico regarding specific markets such as\u00a0<strong>water<\/strong> \u00a0and the <strong>Sanitary control of products and services<\/strong>, es un laberinto donde los objetivos\u00a0leg\u00edtimos\u00a0de pol\u00edtica p\u00fablica no son del todo claros y precisos. Nuestro equipo tiene una d\u00e9cada desarrollando negocios en estos sectores y dise\u00f1ando pol\u00edticas p\u00fablicas para regularlos.<\/p>\n<p><\/p>\n                    <\/div>\n    <\/div>\n\n    <\/div><\/div><\/div><div class=\"wpb_column vc_column_container vc_col-sm-4 vc_col-md-4\"><div class=\"vc_column-inner\"><div class=\"wpb_wrapper\">\n    <div class=\"service-box image-box\">\n        <img width=\"750\" height=\"460\" src=\"https:\/\/iadvice4all.com\/wp-content\/uploads\/2022\/12\/7-1.jpg\" class=\"attachment-full size-full\" alt=\"\" decoding=\"async\" loading=\"lazy\" srcset=\"https:\/\/iadvice4all.com\/wp-content\/uploads\/2022\/12\/7-1.jpg 750w, https:\/\/iadvice4all.com\/wp-content\/uploads\/2022\/12\/7-1-300x184.jpg 300w\" sizes=\"(max-width: 750px) 100vw, 750px\" \/>        <div class=\"content-box\">\n            <h4>Assistance for environmental policy and governance<\/h4>\n            <p><\/p>\n<p class=\"body\">Los intereses de sectores espec\u00edficos de industrias o servicios para mejorar la regulaci\u00f3n y reducir costos o proteger al consumidor de pr\u00e1cticas desleales, pueden ser leg\u00edtimamente abordados con las autoridades. Mas de 10 a\u00f1os en esta actividad nos permite ofrecer este servicio de manera inteligente y eficaz.<\/p>\n<p><\/p>\n                    <\/div>\n    <\/div>\n\n    <\/div><\/div><\/div><\/div><\/div><\/section>\n<\/section>","protected":false},"excerpt":{"rendered":"Pol\u00edticas P\u00fablicas El sector empresarial se ve afectado en menor o mayor medida por la ejecuci\u00f3n de pol\u00edticas p\u00fablicas. En iadvice4all conocemos y entendemos el proceso de dise\u00f1o de pol\u00edticas p\u00fablicas en M\u00e9xico,\u00a0 lo que nos permite brindar asesor\u00edas para evitar riesgos en las empresas y desarrollar estrategias para enfrentar los efectos de estas pol\u00edticas. [...]","protected":false},"author":1,"featured_media":0,"parent":0,"menu_order":0,"comment_status":"closed","ping_status":"closed","template":"","meta":[],"aioseo_notices":[],"_links":{"self":[{"href":"https:\/\/iadvice4all.com\/en\/wp-json\/wp\/v2\/pages\/1353"}],"collection":[{"href":"https:\/\/iadvice4all.com\/en\/wp-json\/wp\/v2\/pages"}],"about":[{"href":"https:\/\/iadvice4all.com\/en\/wp-json\/wp\/v2\/types\/page"}],"author":[{"embeddable":true,"href":"https:\/\/iadvice4all.com\/en\/wp-json\/wp\/v2\/users\/1"}],"replies":[{"embeddable":true,"href":"https:\/\/iadvice4all.com\/en\/wp-json\/wp\/v2\/comments?post=1353"}],"version-history":[{"count":27,"href":"https:\/\/iadvice4all.com\/en\/wp-json\/wp\/v2\/pages\/1353\/revisions"}],"predecessor-version":[{"id":13880,"href":"https:\/\/iadvice4all.com\/en\/wp-json\/wp\/v2\/pages\/1353\/revisions\/13880"}],"wp:attachment":[{"href":"https:\/\/iadvice4all.com\/en\/wp-json\/wp\/v2\/media?parent=1353"}],"curies":[{"name":"wp","href":"https:\/\/api.w.org\/{rel}","templated":true}]}}