{"id":13631,"date":"2025-04-02T18:16:11","date_gmt":"2025-04-02T18:16:11","guid":{"rendered":"https:\/\/iadvice4all.com\/?page_id=13631"},"modified":"2025-04-02T20:05:32","modified_gmt":"2025-04-02T20:05:32","slug":"casos-de-estudio","status":"publish","type":"page","link":"https:\/\/iadvice4all.com\/en\/casos-de-estudio\/","title":{"rendered":"Casos de estudio"},"content":{"rendered":"<section class=\"wpb-content-wrapper\"><section class=\"wpb_row vc_row-fluid\"><div class=\"container\"><div class=\"vc_row\"><div class=\"wpb_column vc_column_container vc_col-sm-12\"><div class=\"vc_column-inner\"><div class=\"wpb_wrapper\"><div class=\"vc_empty_space\"   style=\"height: 32px\"><span class=\"vc_empty_space_inner\"><\/span><\/div>\n    <div class=\"section-head\">\n                    <h6><span>CASOS DE \u00c9XITO<\/span><\/h6>\n                <h2 class=\"section-title\">CASOS DE ESTUDIO<\/h2>\n            <\/div>\n\n\n    <div class=\"project-filter\" data-column=\"3\">\n                <div id=\"projects\" class=\"project-grid projects row\">\n                            <div class=\"project-item caso-de-exito col-md-4 col-sm-6\">\n                    <div class=\"inner\">\n                        <a href=\"https:\/\/iadvice4all.com\/en\/portfolio\/defensa-de-iadvice4all-en-un-procedimiento-de-responsabilidad-administrativa-grave\/\">\n                            <img width=\"750\" height=\"450\" src=\"https:\/\/iadvice4all.com\/wp-content\/uploads\/2025\/04\/1.jpg\" class=\"attachment-post-thumbnail size-post-thumbnail wp-post-image\" alt=\"\" decoding=\"async\" loading=\"lazy\" srcset=\"https:\/\/iadvice4all.com\/wp-content\/uploads\/2025\/04\/1.jpg 750w, https:\/\/iadvice4all.com\/wp-content\/uploads\/2025\/04\/1-300x180.jpg 300w, https:\/\/iadvice4all.com\/wp-content\/uploads\/2025\/04\/1-18x12.jpg 18w\" sizes=\"(max-width: 750px) 100vw, 750px\" \/>                        <\/a>\n                        <div class=\"p-info\">\n                            <h6><span>Caso de \u00e9xito<\/span><\/h6>\n                            <h4>\n                                <a href=\"https:\/\/iadvice4all.com\/en\/portfolio\/defensa-de-iadvice4all-en-un-procedimiento-de-responsabilidad-administrativa-grave\/\">Defensa de Iadvice4all en un Procedimiento de Responsabilidad Administrativa Grave<\/a>\n                            <\/h4>\n                        <\/div>\n                    <\/div>\n                <\/div>\n                            <div class=\"project-item caso-de-exito col-md-4 col-sm-6\">\n                    <div class=\"inner\">\n                        <a href=\"https:\/\/iadvice4all.com\/en\/portfolio\/estrategia-de-recuperacion-de-infraestructura-hidrica-caso-de-estudio\/\">\n                            <img width=\"750\" height=\"450\" src=\"https:\/\/iadvice4all.com\/wp-content\/uploads\/2025\/04\/case1.jpg\" class=\"attachment-post-thumbnail size-post-thumbnail wp-post-image\" alt=\"\" decoding=\"async\" loading=\"lazy\" srcset=\"https:\/\/iadvice4all.com\/wp-content\/uploads\/2025\/04\/case1.jpg 750w, https:\/\/iadvice4all.com\/wp-content\/uploads\/2025\/04\/case1-300x180.jpg 300w, https:\/\/iadvice4all.com\/wp-content\/uploads\/2025\/04\/case1-18x12.jpg 18w\" sizes=\"(max-width: 750px) 100vw, 750px\" \/>                        <\/a>\n                        <div class=\"p-info\">\n                            <h6><span>Caso de \u00e9xito<\/span><\/h6>\n                            <h4>\n                                <a href=\"https:\/\/iadvice4all.com\/en\/portfolio\/estrategia-de-recuperacion-de-infraestructura-hidrica-caso-de-estudio\/\">Estrategia de Recuperaci\u00f3n de  Infraestructura H\u00eddrica: Caso de Estudio<\/a>\n                            <\/h4>\n                        <\/div>\n                    <\/div>\n                <\/div>\n                            <div class=\"project-item caso-de-exito col-md-4 col-sm-6\">\n                    <div class=\"inner\">\n                        <a href=\"https:\/\/iadvice4all.com\/en\/portfolio\/modelo-innovador-de-concesion-para-servicios-de-agua-en-desarrollo-inmobiliario\/\">\n                            <img width=\"750\" height=\"450\" src=\"https:\/\/iadvice4all.com\/wp-content\/uploads\/2019\/03\/case9.jpg\" class=\"attachment-post-thumbnail size-post-thumbnail wp-post-image\" alt=\"\" decoding=\"async\" loading=\"lazy\" \/>                        <\/a>\n                        <div class=\"p-info\">\n                            <h6><span>Caso de \u00e9xito<\/span><\/h6>\n                            <h4>\n                                <a href=\"https:\/\/iadvice4all.com\/en\/portfolio\/modelo-innovador-de-concesion-para-servicios-de-agua-en-desarrollo-inmobiliario\/\">Modelo Innovador de Concesi\u00f3n para Servicios de Agua en Desarrollo Inmobiliario<\/a>\n                            <\/h4>\n                        <\/div>\n                    <\/div>\n                <\/div>\n                    <\/div>\n    <\/div>\n\n    <div class=\"vc_empty_space\"   style=\"height: 80px\"><span class=\"vc_empty_space_inner\"><\/span><\/div><\/div><\/div><\/div><\/div><\/div><\/section>\n<\/section>","protected":false},"excerpt":{"rendered":"Caso de Estudio Modelo Innovador de Concesi\u00f3n para Servicios de Agua en Desarrollo Inmobiliario Resumen Ejecutivo Descripci\u00f3n del proyecto Un desarrollador inmobiliario enfrentaba serios desaf\u00edos para la provisi\u00f3n de servicios de agua potable, alcantarillado y tratamiento de aguas residuales en una nueva zona urbana. Entre los problemas principales estaban: Falta de capacidad del organismo operador [...]","protected":false},"author":1,"featured_media":0,"parent":0,"menu_order":0,"comment_status":"closed","ping_status":"closed","template":"","meta":[],"aioseo_notices":[],"_links":{"self":[{"href":"https:\/\/iadvice4all.com\/en\/wp-json\/wp\/v2\/pages\/13631"}],"collection":[{"href":"https:\/\/iadvice4all.com\/en\/wp-json\/wp\/v2\/pages"}],"about":[{"href":"https:\/\/iadvice4all.com\/en\/wp-json\/wp\/v2\/types\/page"}],"author":[{"embeddable":true,"href":"https:\/\/iadvice4all.com\/en\/wp-json\/wp\/v2\/users\/1"}],"replies":[{"embeddable":true,"href":"https:\/\/iadvice4all.com\/en\/wp-json\/wp\/v2\/comments?post=13631"}],"version-history":[{"count":10,"href":"https:\/\/iadvice4all.com\/en\/wp-json\/wp\/v2\/pages\/13631\/revisions"}],"predecessor-version":[{"id":14145,"href":"https:\/\/iadvice4all.com\/en\/wp-json\/wp\/v2\/pages\/13631\/revisions\/14145"}],"wp:attachment":[{"href":"https:\/\/iadvice4all.com\/en\/wp-json\/wp\/v2\/media?parent=13631"}],"curies":[{"name":"wp","href":"https:\/\/api.w.org\/{rel}","templated":true}]}}