{"id":13891,"date":"2022-12-06T07:31:01","date_gmt":"2022-12-06T07:31:01","guid":{"rendered":"https:\/\/iadvice4all.com\/?page_id=13891"},"modified":"2026-03-09T19:12:02","modified_gmt":"2026-03-09T19:12:02","slug":"litigio-estrategico","status":"publish","type":"page","link":"https:\/\/iadvice4all.com\/en\/litigio-estrategico\/","title":{"rendered":"Strategic litigation"},"content":{"rendered":"<section class=\"wpb-content-wrapper\"><section class=\"wpb_row vc_row-fluid vc_custom_1670431662791 vc_row-has-fill\"><div class=\"container\"><div class=\"vc_row\"><div class=\"wpb_column vc_column_container vc_col-sm-8\"><div class=\"vc_column-inner\"><div class=\"wpb_wrapper\"><div class=\"vc_empty_space\"   style=\"height: 32px\"><span class=\"vc_empty_space_inner\"><\/span><\/div>\n\t<div class=\"wpb_text_column wpb_content_element\" >\n\t\t<div class=\"wpb_wrapper\">\n\t\t\t<h3>Estrategia Integral de Contenci\u00f3n y Defensa de Cr\u00e9ditos Fiscales<\/h3>\n<p><strong>Fase 1 \u2013 Diagn\u00f3stico T\u00e9cnico Inmediato<\/strong><\/p>\n<p>Incluye:<\/p>\n<ul>\n<li>An\u00e1lisis del acto determinante.<\/li>\n<li>Revisi\u00f3n de fundamentaci\u00f3n y motivaci\u00f3n.<\/li>\n<li>Identificaci\u00f3n de vicios formales.<\/li>\n<li>Evaluaci\u00f3n de jurisprudencia aplicable.<\/li>\n<li>C\u00f3mputo de plazos procesales.<\/li>\n<li>An\u00e1lisis de riesgo de ejecuci\u00f3n.<\/li>\n<\/ul>\n<p><strong>Fase 2 \u2013 Estrategia Procesal<\/strong><\/p>\n<p>Definici\u00f3n de:<\/p>\n<ul>\n<li>Recurso de revocaci\u00f3n vs. nulidad directa.<\/li>\n<li>Solicitud de suspensi\u00f3n.<\/li>\n<li>Garant\u00eda del inter\u00e9s fiscal.<\/li>\n<li>Medidas cautelares.<\/li>\n<li>Estrategia probatoria.<\/li>\n<li>Posible amparo indirecto.<\/li>\n<\/ul>\n<p><strong>Fase 3 \u2013 Litigio ante TFJA<\/strong><\/p>\n<ul>\n<li>Demanda estructurada.<\/li>\n<li>Suspensi\u00f3n.<\/li>\n<li>Ampliaci\u00f3n.<\/li>\n<li>Alegatos estrat\u00e9gicos.<\/li>\n<li>Seguimiento de ejecuci\u00f3n.<\/li>\n<\/ul>\n<p><strong>Fase 4 \u2013 Blindaje paralelo<\/strong><\/p>\n<p>Mientras se litiga:<\/p>\n<ul>\n<li>Evaluar exposici\u00f3n a responsabilidad solidaria.<\/li>\n<li>Evaluar riesgo de PAE.<\/li>\n<li>Preparar defensa preventiva.<\/li>\n<li>Coordinaci\u00f3n con contador \/ auditor.<\/li>\n<\/ul>\n\n\t\t<\/div>\n\t<\/div>\n<\/div><\/div><\/div><div class=\"wpb_column vc_column_container vc_col-sm-4\"><div class=\"vc_column-inner\"><div class=\"wpb_wrapper\"><div class=\"vc_empty_space\"   style=\"height: 32px\"><span class=\"vc_empty_space_inner\"><\/span><\/div>\n\t<div  class=\"wpb_single_image wpb_content_element vc_align_left\">\n\t\t\n\t\t<figure class=\"wpb_wrapper vc_figure\">\n\t\t\t<div class=\"vc_single_image-wrapper   vc_box_border_grey\"><img width=\"750\" height=\"460\" src=\"https:\/\/iadvice4all.com\/wp-content\/uploads\/2022\/12\/1-6-1.jpg\" class=\"vc_single_image-img attachment-full\" alt=\"\" decoding=\"async\" loading=\"lazy\" title=\"1-6\" srcset=\"https:\/\/iadvice4all.com\/wp-content\/uploads\/2022\/12\/1-6-1.jpg 750w, https:\/\/iadvice4all.com\/wp-content\/uploads\/2022\/12\/1-6-1-300x184.jpg 300w\" sizes=\"(max-width: 750px) 100vw, 750px\" \/><\/div>\n\t\t<\/figure>\n\t<\/div>\n<\/div><\/div><\/div><\/div><\/div><\/section><section class=\"wpb_row vc_row-fluid vc_custom_1670431662791 vc_row-has-fill\"><div class=\"container\"><div class=\"vc_row\"><div class=\"wpb_column vc_column_container vc_col-sm-8\"><div class=\"vc_column-inner\"><div class=\"wpb_wrapper\"><\/div><\/div><\/div><div class=\"wpb_column vc_column_container vc_col-sm-4\"><div class=\"vc_column-inner\"><div class=\"wpb_wrapper\">\n\t<div  class=\"wpb_single_image wpb_content_element vc_align_left\">\n\t\t\n\t\t<figure class=\"wpb_wrapper vc_figure\">\n\t\t\t<div class=\"vc_single_image-wrapper   vc_box_border_grey\"><img width=\"750\" height=\"460\" src=\"https:\/\/iadvice4all.com\/wp-content\/uploads\/2022\/12\/3-4.jpg\" class=\"vc_single_image-img attachment-full\" alt=\"\" decoding=\"async\" loading=\"lazy\" title=\"3\" srcset=\"https:\/\/iadvice4all.com\/wp-content\/uploads\/2022\/12\/3-4.jpg 750w, https:\/\/iadvice4all.com\/wp-content\/uploads\/2022\/12\/3-4-300x184.jpg 300w\" sizes=\"(max-width: 750px) 100vw, 750px\" \/><\/div>\n\t\t<\/figure>\n\t<\/div>\n<\/div><\/div><\/div><\/div><\/div><\/section>\n<\/section>","protected":false},"excerpt":{"rendered":"Estrategia Integral de Contenci\u00f3n y Defensa de Cr\u00e9ditos Fiscales Fase 1 \u2013 Diagn\u00f3stico T\u00e9cnico Inmediato Incluye: An\u00e1lisis del acto determinante. Revisi\u00f3n de fundamentaci\u00f3n y motivaci\u00f3n. Identificaci\u00f3n de vicios formales. Evaluaci\u00f3n de jurisprudencia aplicable. C\u00f3mputo de plazos procesales. An\u00e1lisis de riesgo de ejecuci\u00f3n. Fase 2 \u2013 Estrategia Procesal Definici\u00f3n de: Recurso de revocaci\u00f3n vs. nulidad directa. [...]","protected":false},"author":1,"featured_media":0,"parent":0,"menu_order":0,"comment_status":"closed","ping_status":"closed","template":"","meta":[],"aioseo_notices":[],"_links":{"self":[{"href":"https:\/\/iadvice4all.com\/en\/wp-json\/wp\/v2\/pages\/13891"}],"collection":[{"href":"https:\/\/iadvice4all.com\/en\/wp-json\/wp\/v2\/pages"}],"about":[{"href":"https:\/\/iadvice4all.com\/en\/wp-json\/wp\/v2\/types\/page"}],"author":[{"embeddable":true,"href":"https:\/\/iadvice4all.com\/en\/wp-json\/wp\/v2\/users\/1"}],"replies":[{"embeddable":true,"href":"https:\/\/iadvice4all.com\/en\/wp-json\/wp\/v2\/comments?post=13891"}],"version-history":[{"count":19,"href":"https:\/\/iadvice4all.com\/en\/wp-json\/wp\/v2\/pages\/13891\/revisions"}],"predecessor-version":[{"id":14176,"href":"https:\/\/iadvice4all.com\/en\/wp-json\/wp\/v2\/pages\/13891\/revisions\/14176"}],"wp:attachment":[{"href":"https:\/\/iadvice4all.com\/en\/wp-json\/wp\/v2\/media?parent=13891"}],"curies":[{"name":"wp","href":"https:\/\/api.w.org\/{rel}","templated":true}]}}