{"id":13892,"date":"2022-12-06T07:30:11","date_gmt":"2022-12-06T07:30:11","guid":{"rendered":"https:\/\/iadvice4all.com\/?page_id=13892"},"modified":"2024-12-11T14:50:55","modified_gmt":"2024-12-11T14:50:55","slug":"infraestructura-hidrica","status":"publish","type":"page","link":"https:\/\/iadvice4all.com\/en\/infraestructura-hidrica\/","title":{"rendered":"Water infrastructure"},"content":{"rendered":"<section class=\"wpb-content-wrapper\"><section class=\"wpb_row vc_row-fluid vc_custom_1670431662791 vc_row-has-fill\"><div class=\"container\"><div class=\"vc_row\"><div class=\"wpb_column vc_column_container vc_col-sm-8\"><div class=\"vc_column-inner\"><div class=\"wpb_wrapper\"><div class=\"vc_empty_space\"   style=\"height: 32px\"><span class=\"vc_empty_space_inner\"><\/span><\/div>\n\t<div class=\"wpb_text_column wpb_content_element\" >\n\t\t<div class=\"wpb_wrapper\">\n\t\t\t<p>\u25cf\u00a0 Dise\u00f1o de modelos de negocio enfocados en la prestaci\u00f3n de servicios de agua con \u00e9nfasis en eficiencia t\u00e9cnico-financiera.<\/p>\n<p>\u25cf\u00a0 Estudios de viabilidad t\u00e9cnica-financiera para respaldar la justificaci\u00f3n de modelos ante inversionistas, accionistas o para la solicitud de concesiones, contratos de prestaci\u00f3n de servicios o asociaciones p\u00fablico privadas.<\/p>\n<p>\u25cf\u00a0 Ingenier\u00eda aplicada para optimizar sistemas de potabilizaci\u00f3n, tratamiento y re\u00faso de aguas residuales en procesos urbanos, industriales o agropecuarios.<\/p>\n<p>\u25cf\u00a0 Dise\u00f1o de marcos regulatorios contractuales para la estructuraci\u00f3n de t\u00edtulos de concesi\u00f3n de servicios p\u00fablicos o contratos de prestaci\u00f3n de servicios.<\/p>\n\n\t\t<\/div>\n\t<\/div>\n<\/div><\/div><\/div><div class=\"wpb_column vc_column_container vc_col-sm-4\"><div class=\"vc_column-inner\"><div class=\"wpb_wrapper\"><div class=\"vc_empty_space\"   style=\"height: 32px\"><span class=\"vc_empty_space_inner\"><\/span><\/div>\n\t<div  class=\"wpb_single_image wpb_content_element vc_align_left\">\n\t\t\n\t\t<figure class=\"wpb_wrapper vc_figure\">\n\t\t\t<div class=\"vc_single_image-wrapper   vc_box_border_grey\"><img width=\"750\" height=\"460\" src=\"https:\/\/iadvice4all.com\/wp-content\/uploads\/2024\/12\/hidraulica.jpg\" class=\"vc_single_image-img attachment-full\" alt=\"\" decoding=\"async\" loading=\"lazy\" title=\"hidraulica\" srcset=\"https:\/\/iadvice4all.com\/wp-content\/uploads\/2024\/12\/hidraulica.jpg 750w, https:\/\/iadvice4all.com\/wp-content\/uploads\/2024\/12\/hidraulica-300x184.jpg 300w, https:\/\/iadvice4all.com\/wp-content\/uploads\/2024\/12\/hidraulica-18x12.jpg 18w\" sizes=\"(max-width: 750px) 100vw, 750px\" \/><\/div>\n\t\t<\/figure>\n\t<\/div>\n<\/div><\/div><\/div><\/div><\/div><\/section>\n<\/section>","protected":false},"excerpt":{"rendered":"\u25cf\u00a0 Dise\u00f1o de modelos de negocio enfocados en la prestaci\u00f3n de servicios de agua con \u00e9nfasis en eficiencia t\u00e9cnico-financiera. \u25cf\u00a0 Estudios de viabilidad t\u00e9cnica-financiera para respaldar la justificaci\u00f3n de modelos ante inversionistas, accionistas o para la solicitud de concesiones, contratos de prestaci\u00f3n de servicios o asociaciones p\u00fablico privadas. \u25cf\u00a0 Ingenier\u00eda aplicada para optimizar sistemas de [...]","protected":false},"author":1,"featured_media":0,"parent":0,"menu_order":0,"comment_status":"closed","ping_status":"closed","template":"","meta":[],"aioseo_notices":[],"_links":{"self":[{"href":"https:\/\/iadvice4all.com\/en\/wp-json\/wp\/v2\/pages\/13892"}],"collection":[{"href":"https:\/\/iadvice4all.com\/en\/wp-json\/wp\/v2\/pages"}],"about":[{"href":"https:\/\/iadvice4all.com\/en\/wp-json\/wp\/v2\/types\/page"}],"author":[{"embeddable":true,"href":"https:\/\/iadvice4all.com\/en\/wp-json\/wp\/v2\/users\/1"}],"replies":[{"embeddable":true,"href":"https:\/\/iadvice4all.com\/en\/wp-json\/wp\/v2\/comments?post=13892"}],"version-history":[{"count":17,"href":"https:\/\/iadvice4all.com\/en\/wp-json\/wp\/v2\/pages\/13892\/revisions"}],"predecessor-version":[{"id":14111,"href":"https:\/\/iadvice4all.com\/en\/wp-json\/wp\/v2\/pages\/13892\/revisions\/14111"}],"wp:attachment":[{"href":"https:\/\/iadvice4all.com\/en\/wp-json\/wp\/v2\/media?parent=13892"}],"curies":[{"name":"wp","href":"https:\/\/api.w.org\/{rel}","templated":true}]}}