{"id":13895,"date":"2022-12-06T07:32:17","date_gmt":"2022-12-06T07:32:17","guid":{"rendered":"https:\/\/iadvice4all.com\/?page_id=13895"},"modified":"2024-12-11T14:50:57","modified_gmt":"2024-12-11T14:50:57","slug":"regulacion-y-politicas-publicas","status":"publish","type":"page","link":"https:\/\/iadvice4all.com\/en\/regulacion-y-politicas-publicas\/","title":{"rendered":"Regulaci\u00f3n y pol\u00edticas p\u00fablicas"},"content":{"rendered":"<section class=\"wpb-content-wrapper\"><section class=\"wpb_row vc_row-fluid vc_custom_1670431662791 vc_row-has-fill\"><div class=\"container\"><div class=\"vc_row\"><div class=\"wpb_column vc_column_container vc_col-sm-8\"><div class=\"vc_column-inner\"><div class=\"wpb_wrapper\"><div class=\"vc_empty_space\"   style=\"height: 32px\"><span class=\"vc_empty_space_inner\"><\/span><\/div>\n\t<div class=\"wpb_text_column wpb_content_element\" >\n\t\t<div class=\"wpb_wrapper\">\n\t\t\t<h3><\/h3>\n<p>\u25cf\u00a0 \u00a0Consultor\u00eda especializada en an\u00e1lisis de pol\u00edticas p\u00fablicas para la creaci\u00f3n de reglamentos, acuerdos, circulares y otros instrumentos administrativos y regulatorios.<\/p>\n<p>\u25cf\u00a0 \u00a0Asesor\u00eda en procesos de normalizaci\u00f3n, incluyendo el seguimiento y elaboraci\u00f3n de comentarios a proyectos de Normas Oficiales Mexicanas.<\/p>\n<p>\u25cf\u00a0 \u00a0Monitoreo y promoci\u00f3n de iniciativas legislativas en el Congreso de la Uni\u00f3n y en congresos l ocales, con un enfoque estrat\u00e9gico en el desarrollo normativo.<\/p>\n<p>\u25cf\u00a0 \u00a0Elaboraci\u00f3n de dict\u00e1menes t\u00e9cnicos para el An\u00e1lisis de Impacto Regulatorio (AIR), verificando el cumplimiento del art\u00edculo 78 de la Ley General de Mejora Regulatoria.<\/p>\n<p>\u25cf\u00a0 \u00a0Consultor\u00eda en competencia econ\u00f3mica, incluyendo la evaluaci\u00f3n de pr\u00e1cticas monop\u00f3licas y asesor\u00eda en notificaciones de concentraciones.<\/p>\n\n\t\t<\/div>\n\t<\/div>\n<\/div><\/div><\/div><div class=\"wpb_column vc_column_container vc_col-sm-4\"><div class=\"vc_column-inner\"><div class=\"wpb_wrapper\"><div class=\"vc_empty_space\"   style=\"height: 32px\"><span class=\"vc_empty_space_inner\"><\/span><\/div>\n\t<div  class=\"wpb_single_image wpb_content_element vc_align_left\">\n\t\t\n\t\t<figure class=\"wpb_wrapper vc_figure\">\n\t\t\t<div class=\"vc_single_image-wrapper   vc_box_border_grey\"><img width=\"750\" height=\"460\" src=\"https:\/\/iadvice4all.com\/wp-content\/uploads\/2022\/12\/2-4.jpg\" class=\"vc_single_image-img attachment-full\" alt=\"\" decoding=\"async\" loading=\"lazy\" title=\"2\" srcset=\"https:\/\/iadvice4all.com\/wp-content\/uploads\/2022\/12\/2-4.jpg 750w, https:\/\/iadvice4all.com\/wp-content\/uploads\/2022\/12\/2-4-300x184.jpg 300w\" sizes=\"(max-width: 750px) 100vw, 750px\" \/><\/div>\n\t\t<\/figure>\n\t<\/div>\n<\/div><\/div><\/div><\/div><\/div><\/section>\n<\/section>","protected":false},"excerpt":{"rendered":"\u25cf\u00a0 \u00a0Consultor\u00eda especializada en an\u00e1lisis de pol\u00edticas p\u00fablicas para la creaci\u00f3n de reglamentos, acuerdos, circulares y otros instrumentos administrativos y regulatorios. \u25cf\u00a0 \u00a0Asesor\u00eda en procesos de normalizaci\u00f3n, incluyendo el seguimiento y elaboraci\u00f3n de comentarios a proyectos de Normas Oficiales Mexicanas. \u25cf\u00a0 \u00a0Monitoreo y promoci\u00f3n de iniciativas legislativas en el Congreso de la Uni\u00f3n y en [...]","protected":false},"author":1,"featured_media":0,"parent":0,"menu_order":0,"comment_status":"closed","ping_status":"closed","template":"","meta":[],"aioseo_notices":[],"_links":{"self":[{"href":"https:\/\/iadvice4all.com\/en\/wp-json\/wp\/v2\/pages\/13895"}],"collection":[{"href":"https:\/\/iadvice4all.com\/en\/wp-json\/wp\/v2\/pages"}],"about":[{"href":"https:\/\/iadvice4all.com\/en\/wp-json\/wp\/v2\/types\/page"}],"author":[{"embeddable":true,"href":"https:\/\/iadvice4all.com\/en\/wp-json\/wp\/v2\/users\/1"}],"replies":[{"embeddable":true,"href":"https:\/\/iadvice4all.com\/en\/wp-json\/wp\/v2\/comments?post=13895"}],"version-history":[{"count":36,"href":"https:\/\/iadvice4all.com\/en\/wp-json\/wp\/v2\/pages\/13895\/revisions"}],"predecessor-version":[{"id":14109,"href":"https:\/\/iadvice4all.com\/en\/wp-json\/wp\/v2\/pages\/13895\/revisions\/14109"}],"wp:attachment":[{"href":"https:\/\/iadvice4all.com\/en\/wp-json\/wp\/v2\/media?parent=13895"}],"curies":[{"name":"wp","href":"https:\/\/api.w.org\/{rel}","templated":true}]}}