{"id":13930,"date":"2022-12-06T10:08:28","date_gmt":"2022-12-06T10:08:28","guid":{"rendered":"https:\/\/iadvice4all.com\/?page_id=13930"},"modified":"2022-12-06T18:11:28","modified_gmt":"2022-12-06T18:11:28","slug":"andres-perez","status":"publish","type":"page","link":"https:\/\/iadvice4all.com\/en\/andres-perez\/","title":{"rendered":"Andr\u00e9s P\u00e9rez"},"content":{"rendered":"<section class=\"wpb-content-wrapper\"><section class=\"wpb_row vc_row-fluid section-padd vc_custom_1554977363894 vc_row-has-fill\"><div class=\"container\"><div class=\"vc_row\"><div class=\"wpb_column vc_column_container vc_col-sm-12\"><div class=\"vc_column-inner\"><div class=\"wpb_wrapper\">\n        <div class=\"member-item-3 radius\">\n        <div class=\"avatar\">\n            <img width=\"522\" height=\"632\" src=\"https:\/\/iadvice4all.com\/wp-content\/uploads\/2018\/03\/img-YanW68bz3pcpo355-1.jpg\" class=\"attachment-full size-full\" alt=\"\" decoding=\"async\" loading=\"lazy\" srcset=\"https:\/\/iadvice4all.com\/wp-content\/uploads\/2018\/03\/img-YanW68bz3pcpo355-1.jpg 522w, https:\/\/iadvice4all.com\/wp-content\/uploads\/2018\/03\/img-YanW68bz3pcpo355-1-248x300.jpg 248w, https:\/\/iadvice4all.com\/wp-content\/uploads\/2018\/03\/img-YanW68bz3pcpo355-1-480x581.jpg 480w\" sizes=\"(max-width: 522px) 100vw, 522px\" \/>        <\/div>\n        <div class=\"mem-info\">\n            <h5>Andr\u00e9s P\u00e9rez<span class=\"font12 normal\"><\/span><\/h5>\n            <div class=\"line\"><\/div>\n            <p><\/p>\n<div class=\"layout-element layout-element--layout layout-element\" data-v-c4add869=\"\">\n<div id=\"Q5suiXf6IMHx8yKmYl6JJ\" class=\"text-box layout-element__component layout-element__component--GridTextBox\" data-qa=\"gridtextbox:q5suixf6imhx8ykmyl6jj\">\n<div class=\"layout-element layout-element--layout layout-element\" data-v-c4add869=\"\">\n<div id=\"l4FiJ7DcBebcwzfl3RBdV\" class=\"text-box layout-element__component layout-element__component--GridTextBox\" data-qa=\"gridtextbox:l4fij7dcbebcwzfl3rbdv\">\n<h5><strong>Andr\u00e9s Alejandro P\u00e9rez Fr\u00edas<\/strong><\/h5>\n<\/div>\n<\/div>\n<div class=\"layout-element layout-element--layout layout-element\" data-v-c4add869=\"\">\n<div id=\"KpJrwc29eA7KOuMxJ13Bv\" class=\"text-box layout-element__component layout-element__component--GridTextBox\" data-qa=\"gridtextbox:kpjrwc29ea7koumxj13bv\">\n<p class=\"body\"><strong>Contact details<\/strong><\/p>\n<\/div>\n<\/div>\n<div class=\"layout-element layout-element--layout layout-element\" data-v-c4add869=\"\">\n<div id=\"oaOxkLxcOAm1L4rtBWmjE\" class=\"text-box layout-element__component layout-element__component--GridTextBox\" data-qa=\"gridtextbox:oaoxklxcoam1l4rtbwmje\">\n<p class=\"body\">\ud83d\udcde \u00a0 \u00a0 52 1 5548 772361<\/p>\n<\/div>\n<\/div>\n<div class=\"layout-element layout-element--layout layout-element\" data-v-c4add869=\"\">\n<div id=\"TlfcBLJI581KLtj1orhN-\" class=\"text-box layout-element__component layout-element__component--GridTextBox\" data-qa=\"gridtextbox:tlfcblji581kltj1orhn-\">\n<p class=\"body\">\u2709\ufe0f \u00a0 \u00a0 andrespf@iadvice4all.com<\/p>\n<\/div>\n<p><strong>EDUCACI\u00d3N<\/strong><\/p>\n<p><strong>Diplomado en actualizaci\u00f3n jur\u00eddica.\u00a0<\/strong><em>Centro de Investigaci\u00f3n y Docencia Econ\u00f3micas (CIDE) (2016)<\/em><\/p>\n<p><strong>Diplomado en regulaci\u00f3n, mejora regulatoria y competitividad regional.\u00a0<\/strong><em>CIDE (2012 a 2013)<\/em><\/p>\n<p><strong>Programa de Educaci\u00f3n Ejecutiva \u201c<em>Meeting Challenges of Mexico\u2019s Future: Strategies for Leadership and Performance<\/em>\u201d.\u00a0<\/strong><em>John F. Kennedy School of Government.\u00a0<\/em><em>Harvard University\u00a0<\/em><em>(HKS)<\/em><em>. Cambridge, MA.\u00a0<\/em><em>US.\u00a0<\/em>(2011)<\/p>\n<p><strong>Maestr\u00eda en Derecho P\u00fablico.<\/strong>\u00a0<em>Escuela de Graduados en Administraci\u00f3n P\u00fablica y Pol\u00edtica P\u00fablica del Instituto Tecnol\u00f3gico y de Estudios Superiores de Monterrey (EGAP-ITESM).\u00a0<\/em>(2008 a 2010)<\/p>\n<p><strong>Programa de Educaci\u00f3n Ejecutiva \u201c<em>Mexico\u2019s Energy Future<\/em>\u201d.<\/strong>\u00a0<em>HKS. Cambridge, MA. US.<\/em>\u00a0(2008)<\/p>\n<p><strong>Licenciatura en Derecho.\u00a0<\/strong><em>ITESM. Campus Monterrey.<\/em>\u00a0(1995 a 1999)<\/p>\n<p><strong>CONFERENCIAS IMPARTIDAS<\/strong><\/p>\n<p><strong>Webinar.\u00a0<\/strong>Organizado por GPIC Grupo Promotor de la Industria del Cannabis. Primer Foro Nacional del Cannabis. Tema: Los retos en el comercio exterior. (2021)<\/p>\n<p><strong>Webinar.\u00a0<\/strong>Organizado por<strong>\u00a0<\/strong>la Delegaci\u00f3n de la Uni\u00f3n Europea en M\u00e9xico. Tema: Seminario sobre la NOM-051 Dudas en la implementaci\u00f3n. (2020)<\/p>\n<p><strong>Webinar.\u00a0<\/strong>Organizado por<strong>\u00a0<\/strong>CONMEXICO.<strong>\u00a0<\/strong>Tema:<strong>\u00a0<\/strong>Verificaci\u00f3n, vigilancia y sanciones en Norma Oficial Mexicana NOM-051-SCFI\/SSA1-2010. (2020)<\/p>\n<p><strong>Simposio de Derecho \u201cEn Juicio\u201d.\u00a0<\/strong>Sociedad de Alumnos de la Carrera de Derecho del ITESM Campus Monterrey. Tema: Econom\u00eda, Derecho y Pol\u00edticas P\u00fablicas. El Abogado del Siglo XXI. (2018)<\/p>\n<p><strong>5\u00aa Red Nacional de Jueces de Proceso Oral Civil y Mercantil.\u00a0<\/strong>Red Nacional de Juzgadores 2018. Comisi\u00f3n Nacional de Tribunales Superiores de Justicia. (2018)<\/p>\n<p><strong>40\u00aa Conferencia Nacional de Mejora Regulatoria<\/strong>. Comisi\u00f3n Federal de Mejora Regulatoria (COFEMER). Panel 1 Nuevo Marco Constitucional y Legal para la Implementaci\u00f3n de la Pol\u00edtica de Mejora Regulatoria en M\u00e9xico. (2018)<\/p>\n<p><strong>ABC de la nueva Ley General de Mecanismos Alternativos de Soluci\u00f3n de Controversias.<\/strong>\u00a0Asociaci\u00f3n Nacional de Abogados de Empresa. (2017)<\/p>\n<p><strong>39\u00aa Conferencia Nacional de Mejora Regulatoria.\u00a0<\/strong>COFEMER.<strong>\u00a0<\/strong>Panel 6.- Organismos reguladores del Gobierno Federal. (2017)<\/p>\n<p><strong>Mesa Redonda: Proyecto de Decreto por el que se expide la Ley General de Medios Alternativos de Soluci\u00f3n de Controversias y se adiciona un T\u00edtulo Quinto del C\u00f3digo de Comercio en materia de Conciliaci\u00f3n Comercial<\/strong>. International Chamber of Commerce Mexico. (2017)<\/p>\n<p><strong>Foro de Competencia y Regulaci\u00f3n.<\/strong>\u00a0SE-OCDE-UNAM En b\u00fasqueda de la eficiencia de los mercados. Panel 4 Pol\u00edtica de competencia y el rol del Poder Judicial. (2017)<\/p>\n<p><strong>35\u00aa Conferencia Nacional de Mejora Regulatoria.<\/strong>\u00a0COFEMER. Tema: &#8220;Programa de implementaci\u00f3n de los Juicios Orales Mercantiles&#8221;. (2015)<\/p>\n<\/div>\n<\/div>\n<\/div>\n<p><\/p>\n            <div class=\"social-mem\">\n                                    <a href=\"\" target=\"_blank\"><i class=\"\"><\/i><\/a>\n                            <\/div>            \n        <\/div>\n    <\/div>\n    \n    <\/div><\/div><\/div><\/div><\/div><\/section>\n<\/section>","protected":false},"excerpt":{"rendered":"Andr\u00e9s P\u00e9rez Andr\u00e9s Alejandro P\u00e9rez Fr\u00edas Contact details \ud83d\udcde \u00a0 \u00a0 52 1 5548 772361 \u2709\ufe0f \u00a0 \u00a0 andrespf@iadvice4all.com EDUCACI\u00d3N Diplomado en actualizaci\u00f3n jur\u00eddica.\u00a0Centro de Investigaci\u00f3n y Docencia Econ\u00f3micas (CIDE) (2016) Diplomado en regulaci\u00f3n, mejora regulatoria y competitividad regional.\u00a0CIDE (2012 a 2013) Programa de Educaci\u00f3n Ejecutiva \u201cMeeting Challenges of Mexico\u2019s Future: Strategies for Leadership and [...]","protected":false},"author":1,"featured_media":0,"parent":0,"menu_order":0,"comment_status":"closed","ping_status":"closed","template":"","meta":[],"aioseo_notices":[],"_links":{"self":[{"href":"https:\/\/iadvice4all.com\/en\/wp-json\/wp\/v2\/pages\/13930"}],"collection":[{"href":"https:\/\/iadvice4all.com\/en\/wp-json\/wp\/v2\/pages"}],"about":[{"href":"https:\/\/iadvice4all.com\/en\/wp-json\/wp\/v2\/types\/page"}],"author":[{"embeddable":true,"href":"https:\/\/iadvice4all.com\/en\/wp-json\/wp\/v2\/users\/1"}],"replies":[{"embeddable":true,"href":"https:\/\/iadvice4all.com\/en\/wp-json\/wp\/v2\/comments?post=13930"}],"version-history":[{"count":4,"href":"https:\/\/iadvice4all.com\/en\/wp-json\/wp\/v2\/pages\/13930\/revisions"}],"predecessor-version":[{"id":13952,"href":"https:\/\/iadvice4all.com\/en\/wp-json\/wp\/v2\/pages\/13930\/revisions\/13952"}],"wp:attachment":[{"href":"https:\/\/iadvice4all.com\/en\/wp-json\/wp\/v2\/media?parent=13930"}],"curies":[{"name":"wp","href":"https:\/\/api.w.org\/{rel}","templated":true}]}}