{"id":13934,"date":"2022-12-06T10:14:46","date_gmt":"2022-12-06T10:14:46","guid":{"rendered":"https:\/\/iadvice4all.com\/?page_id=13934"},"modified":"2022-12-06T10:31:36","modified_gmt":"2022-12-06T10:31:36","slug":"iliana-ramirez","status":"publish","type":"page","link":"https:\/\/iadvice4all.com\/en\/iliana-ramirez\/","title":{"rendered":"Iliana Ramirez"},"content":{"rendered":"<section class=\"wpb-content-wrapper\"><section class=\"wpb_row vc_row-fluid section-padd vc_custom_1554977363894 vc_row-has-fill\"><div class=\"container\"><div class=\"vc_row\"><div class=\"wpb_column vc_column_container vc_col-sm-12\"><div class=\"vc_column-inner\"><div class=\"wpb_wrapper\">\n        <div class=\"member-item-3 radius\">\n        <div class=\"avatar\">\n            <img width=\"522\" height=\"632\" src=\"https:\/\/iadvice4all.com\/wp-content\/uploads\/2018\/03\/Iliana-Ram-rez-Y4Lyxn4gZWfyZEjY-1.jpg\" class=\"attachment-full size-full\" alt=\"\" decoding=\"async\" loading=\"lazy\" srcset=\"https:\/\/iadvice4all.com\/wp-content\/uploads\/2018\/03\/Iliana-Ram-rez-Y4Lyxn4gZWfyZEjY-1.jpg 522w, https:\/\/iadvice4all.com\/wp-content\/uploads\/2018\/03\/Iliana-Ram-rez-Y4Lyxn4gZWfyZEjY-1-248x300.jpg 248w, https:\/\/iadvice4all.com\/wp-content\/uploads\/2018\/03\/Iliana-Ram-rez-Y4Lyxn4gZWfyZEjY-1-480x581.jpg 480w\" sizes=\"(max-width: 522px) 100vw, 522px\" \/>        <\/div>\n        <div class=\"mem-info\">\n            <h5>Iliana P. Ram\u00edrez Maz\u00f3n<span class=\"font12 normal\"><\/span><\/h5>\n            <div class=\"line\"><\/div>\n            <p><\/p>\n<div class=\"layout-element layout-element--layout layout-element\" data-v-c4add869=\"\">\n<div id=\"Q5suiXf6IMHx8yKmYl6JJ\" class=\"text-box layout-element__component layout-element__component--GridTextBox\" data-qa=\"gridtextbox:q5suixf6imhx8ykmyl6jj\">\n<div class=\"layout-element layout-element--layout layout-element\" data-v-c4add869=\"\">\n<div id=\"lFj9n9bOUSK9i2ZEPAZ_g\" class=\"text-box layout-element__component layout-element__component--GridTextBox\" data-qa=\"gridtextbox:lfj9n9bousk9i2zepaz_g\">\n<div class=\"layout-element layout-element--layout layout-element\" data-v-c4add869=\"\">\n<div id=\"L5jPjIIrfV2sZaGAebRtZ\" class=\"text-box layout-element__component layout-element__component--GridTextBox\" data-qa=\"gridtextbox:l5jpjiirfv2szagaebrtz\">\n<h5><strong>Iliana P. Ram\u00edrez Maz\u00f3n \u00a0<\/strong><\/h5>\n<\/div>\n<\/div>\n<div class=\"layout-element layout-element--layout layout-element\" data-v-c4add869=\"\">\n<div id=\"QBSaboVlq1dEteUO03LuH\" class=\"text-box layout-element__component layout-element__component--GridTextBox\" data-qa=\"gridtextbox:qbsabovlq1deteuo03luh\">\n<p class=\"body-large\"><strong>Contact details<\/strong><\/p>\n<\/div>\n<\/div>\n<div class=\"layout-element layout-element--layout layout-element\" data-v-c4add869=\"\">\n<div id=\"Gd_FW2MPn2qYTikwr5t-p\" class=\"text-box layout-element__component layout-element__component--GridTextBox\" data-qa=\"gridtextbox:gd_fw2mpn2qytikwr5t-p\">\n<p class=\"body\">\ud83d\udcde<\/p>\n<\/div>\n<\/div>\n<div class=\"layout-element layout-element--layout layout-element\" data-v-c4add869=\"\">\n<div id=\"0i71XeqtnFsymSZ7ypGwM\" class=\"text-box layout-element__component layout-element__component--GridTextBox\" data-qa=\"gridtextbox:0i71xeqtnfsymsz7ypgwm\">\n<p class=\"body\">\u2709\ufe0f \u00a0ilianarm@iadvice4all.com<\/p>\n<\/div>\n<\/div>\n<p class=\"body-large\"><strong>Career and qualification<\/strong><\/p>\n<\/div>\n<\/div>\n<div class=\"layout-element layout-element--layout layout-element\" data-v-c4add869=\"\">\n<div id=\"8yE50eMfFVqe9-8_JO6aM\" class=\"text-box layout-element__component layout-element__component--GridTextBox\" data-qa=\"gridtextbox:8ye50emffvqe9-8_jo6am\">\n<p class=\"body\">Law Degree,\u00a0<em>Universidad Panamericana<\/em>, Mexico City, Mexico, 1998<\/p>\n<p class=\"body\">L.L.M. in International Trade Law,\u00a0<em>Universit\u00e1 degli Studi di Torino<\/em>, Italy, 2015<\/p>\n<p class=\"body\">Courses and obtained diplomas in International Business and Finance and International Trade at\u00a0<em>Universit\u00e9 Blaise Pascal Clermont-Ferrand<\/em>, France, and Universidad Panamericana, Mexico, 2003-2010.<\/p>\n<p class=\"body\">Iliana has participated in international forums held at the United Nations, the Organization of American States and the Council of Europe.<\/p>\n<p>&nbsp;<\/p>\n<\/div>\n<\/div>\n<\/div>\n<\/div>\n<p><\/p>\n            <div class=\"social-mem\">\n                                    <a href=\"\" target=\"_blank\"><i class=\"\"><\/i><\/a>\n                            <\/div>            \n        <\/div>\n    <\/div>\n    \n    <\/div><\/div><\/div><\/div><\/div><\/section>\n<\/section>","protected":false},"excerpt":{"rendered":"Iliana P. Ram\u00edrez Maz\u00f3n Iliana P. Ram\u00edrez Maz\u00f3n \u00a0 Contact details \ud83d\udcde \u2709\ufe0f \u00a0ilianarm@iadvice4all.com Career and qualification Law Degree,\u00a0Universidad Panamericana, Mexico City, Mexico, 1998 L.L.M. in International Trade Law,\u00a0Universit\u00e1 degli Studi di Torino, Italy, 2015 Courses and obtained diplomas in International Business and Finance and International Trade at\u00a0Universit\u00e9 Blaise Pascal Clermont-Ferrand, France, and Universidad Panamericana, [...]","protected":false},"author":1,"featured_media":0,"parent":0,"menu_order":0,"comment_status":"closed","ping_status":"closed","template":"","meta":[],"aioseo_notices":[],"_links":{"self":[{"href":"https:\/\/iadvice4all.com\/en\/wp-json\/wp\/v2\/pages\/13934"}],"collection":[{"href":"https:\/\/iadvice4all.com\/en\/wp-json\/wp\/v2\/pages"}],"about":[{"href":"https:\/\/iadvice4all.com\/en\/wp-json\/wp\/v2\/types\/page"}],"author":[{"embeddable":true,"href":"https:\/\/iadvice4all.com\/en\/wp-json\/wp\/v2\/users\/1"}],"replies":[{"embeddable":true,"href":"https:\/\/iadvice4all.com\/en\/wp-json\/wp\/v2\/comments?post=13934"}],"version-history":[{"count":4,"href":"https:\/\/iadvice4all.com\/en\/wp-json\/wp\/v2\/pages\/13934\/revisions"}],"predecessor-version":[{"id":13940,"href":"https:\/\/iadvice4all.com\/en\/wp-json\/wp\/v2\/pages\/13934\/revisions\/13940"}],"wp:attachment":[{"href":"https:\/\/iadvice4all.com\/en\/wp-json\/wp\/v2\/media?parent=13934"}],"curies":[{"name":"wp","href":"https:\/\/api.w.org\/{rel}","templated":true}]}}